{"id":154,"date":"2015-03-16T19:14:51","date_gmt":"2015-03-16T18:14:51","guid":{"rendered":"http:\/\/kurtzangl-art.com\/?page_id=154"},"modified":"2023-03-20T17:02:25","modified_gmt":"2023-03-20T16:02:25","slug":"disk-enigmas","status":"publish","type":"page","link":"https:\/\/kurtzangl-art.com\/?page_id=154","title":{"rendered":"Disc Enigmas (Deutsch)"},"content":{"rendered":"<p lang=\"de-DE\" style=\"text-align: justify;\" align=\"JUSTIFY\">\n<p lang=\"de-DE\" style=\"text-align: justify;\" align=\"JUSTIFY\"><span style=\"font-size: large; color: #000000;\"><strong>Inspiriert<\/strong> von dem \u201ePhaistos Disc\u201c, einer mit Hieroglyphen beschrifteten Tonscheibe aus dem altert\u00fcmlichen Griechenland, habe ich meinem Bildaufbau eine neue graphische Struktur zugrunde gelegt. Kreis- und spiralf\u00f6rmige Muster werden in unterschiedlich intensiven Spannungen und interessanten Kompositionen eingefangen. Mit tiefen Linienstrukturen wird dem Bild Bewegung, Dynamik und Dreidimensionalit\u00e4t \u00fcbermittelt.<\/span><\/p>\n<p lang=\"de-DE\" style=\"text-align: justify;\" align=\"JUSTIFY\"><span style=\"font-size: large; color: #000000;\">\u00c4gyptische Hieroglyphen, Runeninschriften, arabische Schriftkultur, bildhafte Logogramme, sowie piktographische Zeichen werden eingraviert. Diese werden abwechselnd mit einer Vielfalt von ineinander flie\u00dfenden Fl\u00e4chen, geschmolzenen Metall-Legierungen mit ungew\u00f6hnlicher Textur, und zersto\u00dfenem Glas verschiedener reflektierender Farbgebungen und St\u00e4rken benutzt, um interessante Oberfl\u00e4chen zu kreieren.<\/span><\/p>\n<p lang=\"de-DE\" style=\"text-align: justify;\" align=\"JUSTIFY\"><span style=\"font-size: large; color: #000000;\">Mehrere d\u00fcnne \u00d6llasuren werden dann zur Anwendung gebracht. Manchmal werden sie auch mit Gold- oder Silberfarbe bedeckt, die den darunter liegenden Schichten hohe Transparenz verleiht, besonders wenn ein helles Licht auf das Bild gerichtet, oder wenn es von verschiedenen Winkeln betrachtet wird.<\/span><\/p>\n<p lang=\"de-DE\" style=\"text-align: justify;\" align=\"JUSTIFY\"><span style=\"font-size: large; color: #000000;\">Die Welt der Symbole, Enigmas und Orakel wird seit Jahrtausenden durch Kreise aller Art dargestellt, sei es in alten Religionen, der Astrologie, der Kosmologie und vielen anderen. <\/span><\/p>\n<p lang=\"de-DE\" style=\"text-align: justify;\" align=\"JUSTIFY\"><span style=\"font-size: large; color: #000000;\">M\u00f6ge den Betrachter dieser Bilder ein Gef\u00fchl der Entspannung, Bewegung und Energie, der Unendlichkeit, der Harmonie mit der Welt, und nicht zuletzt des Gl\u00fccks befl\u00fcgeln. <\/span><\/p>\n","protected":false},"excerpt":{"rendered":"<p>Inspiriert von dem \u201ePhaistos Disc\u201c, einer mit Hieroglyphen beschrifteten Tonscheibe aus dem altert\u00fcmlichen Griechenland, habe ich meinem Bildaufbau eine neue graphische Struktur zugrunde gelegt. Kreis- und spiralf\u00f6rmige Muster werden in unterschiedlich intensiven Spannungen und&#46;&#46;&#46;<\/p>\n","protected":false},"author":2,"featured_media":0,"parent":0,"menu_order":3,"comment_status":"closed","ping_status":"closed","template":"","meta":[],"_links":{"self":[{"href":"https:\/\/kurtzangl-art.com\/index.php?rest_route=\/wp\/v2\/pages\/154"}],"collection":[{"href":"https:\/\/kurtzangl-art.com\/index.php?rest_route=\/wp\/v2\/pages"}],"about":[{"href":"https:\/\/kurtzangl-art.com\/index.php?rest_route=\/wp\/v2\/types\/page"}],"author":[{"embeddable":true,"href":"https:\/\/kurtzangl-art.com\/index.php?rest_route=\/wp\/v2\/users\/2"}],"replies":[{"embeddable":true,"href":"https:\/\/kurtzangl-art.com\/index.php?rest_route=%2Fwp%2Fv2%2Fcomments&post=154"}],"version-history":[{"count":35,"href":"https:\/\/kurtzangl-art.com\/index.php?rest_route=\/wp\/v2\/pages\/154\/revisions"}],"predecessor-version":[{"id":1090,"href":"https:\/\/kurtzangl-art.com\/index.php?rest_route=\/wp\/v2\/pages\/154\/revisions\/1090"}],"wp:attachment":[{"href":"https:\/\/kurtzangl-art.com\/index.php?rest_route=%2Fwp%2Fv2%2Fmedia&parent=154"}],"curies":[{"name":"wp","href":"https:\/\/api.w.org\/{rel}","templated":true}]}}